{"id":5433,"date":"2018-01-09T08:42:56","date_gmt":"2018-01-09T08:42:56","guid":{"rendered":"https:\/\/magazine.epotam.com\/about-us\/"},"modified":"2021-11-17T17:16:15","modified_gmt":"2021-11-17T16:16:15","slug":"epotam-esthetic","status":"publish","type":"page","link":"https:\/\/magazine.epotam.com\/fr\/epotam-esthetic\/","title":{"rendered":"Qui sommes-nous ?"},"content":{"rendered":"<p>[vc_row row_content_width=\u00a0\u00bbgrid\u00a0\u00bb content_text_aligment=\u00a0\u00bbcenter\u00a0\u00bb simple_background_color=\u00a0\u00bb#a4a5a8&Prime; parallax_background_image=\u00a0\u00bb5045&Prime;][vc_column][vc_empty_space]<div class=\"qodef-elements-holder   qodef-four-columns  qodef-responsive-mode-768 \" ><div class=\"qodef-eh-item   qodef-horizontal-alignment-center \"  data-item-class=\"qodef-eh-custom-5643\">\n\t\t<div class=\"qodef-eh-item-inner\">\n\t\t<div class=\"qodef-eh-item-content qodef-eh-custom-5643\" >\n\t\t\t<a itemprop=\"url\" href=\"https:\/\/store.epotam.com\/\" target=\"_blank\" style=\"color: #ffffff;border-color: #ffffff;margin: 10px\" class=\"qodef-btn qodef-btn-huge qodef-btn-outline qodef-btn-custom-hover-bg qodef-btn-custom-border-hover qodef-btn-icon\" data-hover-bg-color=\"#000000\" data-hover-border-color=\"#000000\" >\n    <span class=\"qodef-btn-text\">Boutique en ligne<\/span>\n    <i class=\"qodef-icon-font-awesome fa fa-shopping-cart \" ><\/i><\/a>\t\t<\/div>\n\t<\/div>\n<\/div><div class=\"qodef-eh-item   qodef-horizontal-alignment-center \"  data-item-class=\"qodef-eh-custom-1509\">\n\t\t<div class=\"qodef-eh-item-inner\">\n\t\t<div class=\"qodef-eh-item-content qodef-eh-custom-1509\" >\n\t\t\t<a itemprop=\"url\" href=\"http:\/\/www.barcelonabeautyschool.com\/\" target=\"_blank\" style=\"color: #ffffff;border-color: #ffffff;margin: 10px\" class=\"qodef-btn qodef-btn-huge qodef-btn-outline qodef-btn-custom-hover-bg qodef-btn-custom-border-hover qodef-btn-icon\" data-hover-bg-color=\"#81d742\" data-hover-border-color=\"#81d742\" >\n    <span class=\"qodef-btn-text\">\u00c9cole de formation<\/span>\n    <i class=\"qodef-icon-font-awesome fa fa-user \" ><\/i><\/a>\t\t<\/div>\n\t<\/div>\n<\/div><div class=\"qodef-eh-item   qodef-horizontal-alignment-center \"  data-item-class=\"qodef-eh-custom-9755\">\n\t\t<div class=\"qodef-eh-item-inner\">\n\t\t<div class=\"qodef-eh-item-content qodef-eh-custom-9755\" >\n\t\t\t<a itemprop=\"url\" href=\"https:\/\/formacio.epotam.com\/\" target=\"_blank\" style=\"color: #ffffff;border-color: #ffffff;margin: 10px\" class=\"qodef-btn qodef-btn-huge qodef-btn-outline qodef-btn-icon\"  >\n    <span class=\"qodef-btn-text\">Formation E-Learning<\/span>\n    <i class=\"qodef-icon-font-awesome fa fa-graduation-cap \" ><\/i><\/a>\t\t<\/div>\n\t<\/div>\n<\/div><div class=\"qodef-eh-item   qodef-horizontal-alignment-center \"  data-item-class=\"qodef-eh-custom-7804\">\n\t\t<div class=\"qodef-eh-item-inner\">\n\t\t<div class=\"qodef-eh-item-content qodef-eh-custom-7804\" >\n\t\t\t<a itemprop=\"url\" href=\"https:\/\/frenchkissbeauty.com\/\" target=\"_blank\" style=\"color: #ffffff;border-color: #ffffff;margin: 10px\" class=\"qodef-btn qodef-btn-huge qodef-btn-outline qodef-btn-custom-hover-bg qodef-btn-custom-border-hover qodef-btn-icon\" data-hover-bg-color=\"#a400e5\" data-hover-border-color=\"#a400e5\" >\n    <span class=\"qodef-btn-text\">Centres esth\u00e9tiques<\/span>\n    <i class=\"qodef-icon-dripicons dripicon dripicons-store \" ><\/i><\/a>\t\t<\/div>\n\t<\/div>\n<\/div><\/div><div class=\"qodef-elements-holder   qodef-one-column  qodef-responsive-mode-768 \" ><div class=\"qodef-eh-item   qodef-horizontal-alignment-center \"  data-item-class=\"qodef-eh-custom-4081\" data-1280-1600=\"176px 0px\" data-1024-1280=\"176px 0px\" data-768-1024=\"171px 0px\" data-680-768=\"171px 0px\" data-680=\"122px 0px\">\n\t\t<div class=\"qodef-eh-item-inner\">\n\t\t<div class=\"qodef-eh-item-content qodef-eh-custom-4081\" style=\"padding: 176px 0px\">\n\t\t\t<h1 class=\"qodef-custom-font-holder  qodef-cf-1347  \" style=\"font-size: 60px;color: #ffffff\" data-item-class=\"qodef-cf-1347\" data-font-size-680=\"36px\">\n\tQui sommes-nous ?<\/h1>[vc_empty_space height=\u00a0\u00bb8px\u00a0\u00bb]<p class=\"qodef-custom-font-holder  qodef-cf-6319  \" style=\"font-size: 16px;color: #ffffff\" data-item-class=\"qodef-cf-6319\" data-font-size-680=\"14px\">\n\tLe groupe Epotam est un groupe sp\u00e9cialis\u00e9 dans le secteur<br \/> de la beaut\u00e9 et de l'esth\u00e9tique. Instituts de beaut\u00e9, \u00e9cole de formation, fournisseur de produits pour instituts de beaut\u00e9, agence de communication...<\/p>[vc_empty_space height=\u00a0\u00bb21px\u00a0\u00bb]<a itemprop=\"url\" href=\"#\" target=\"_self\" style=\"color: #000000;background-color: #ffffff\" class=\"qodef-btn qodef-btn-medium qodef-btn-solid qodef-btn-custom-hover-bg qodef-btn-custom-border-hover qodef-btn-custom-hover-color\" data-hover-color=\"#000000\" data-hover-bg-color=\"#ffffff\" data-hover-border-color=\"#ffffff\" >\n    <span class=\"qodef-btn-text\">Plus de 15 ans d&#039;exp\u00e9rience<\/span>\n    <\/a>[vc_empty_space]\t\t<\/div>\n\t<\/div>\n<\/div><\/div>[\/vc_column][\/vc_row][vc_row content_placement=\u00a0\u00bbbottom\u00a0\u00bb css=\u00a0\u00bb.vc_custom_1515492267731{padding-top: 0px !important;}\u00a0\u00bb][vc_column css=\u00a0\u00bb.vc_custom_1515492806714{padding-right: 5px !important;padding-left: 7% !important;}\u00a0\u00bb offset=\u00a0\u00bbvc_col-lg-6 vc_col-md-5&Prime;][vc_single_image image=\u00a0\u00bb5054&Prime; img_size=\u00a0\u00bbfull\u00a0\u00bb alignment=\u00a0\u00bbright\u00a0\u00bb][\/vc_column][vc_column offset=\u00a0\u00bbvc_col-lg-offset-0 vc_col-lg-6 vc_col-md-offset-0 vc_col-md-7&Prime; css=\u00a0\u00bb.vc_custom_1515492852191{padding-top: 0px !important;}\u00a0\u00bb]<div class=\"qodef-elements-holder   qodef-one-column  qodef-responsive-mode-768 \" ><div class=\"qodef-eh-item    \"  data-item-class=\"qodef-eh-custom-9516\" data-1280-1600=\"191px 26% 191px 0\" data-1024-1280=\"191px 22% 191px 0\" data-768-1024=\"91px 15% 91px 0\" data-680-768=\"91px 11%\" data-680=\"91px 11%\">\n\t\t<div class=\"qodef-eh-item-inner\">\n\t\t<div class=\"qodef-eh-item-content qodef-eh-custom-9516\" style=\"padding: 171px 45% 171px 0\">\n\t\t\t[vc_column_text]<\/p>\n<h2>Fournisseur de cosm\u00e9tiques et d&rsquo;\u00e9quipements pour professionnels de l&rsquo;\u00e9sth\u00e9tique<\/h2>\n<p>[\/vc_column_text][vc_empty_space height=\u00a0\u00bb5px\u00a0\u00bb][vc_column_text]Cosm\u00e9tiques, machines de beaut\u00e9, hygi\u00e8ne et consommables&#8230; votre nouveau distributeur de produits de beaut\u00e9 \u00e0 Barcelone. Chez Epotam, nous ne proposons que du materiel et des produits qui ont \u00e9t\u00e9 pr\u00e9alablement s\u00e9lectionn\u00e9s et test\u00e9s dans vos centres, mais nous assurons \u00e9galement la formation correspondante.[\/vc_column_text][vc_empty_space height=\u00a0\u00bb23px\u00a0\u00bb]<a itemprop=\"url\" href=\"https:\/\/store.epotam.com\/\" target=\"_blank\"  class=\"qodef-btn qodef-btn-medium qodef-btn-solid\"  >\n    <span class=\"qodef-btn-text\">D\u00e9couvrez notre boutique en ligne<\/span>\n    <\/a>[vc_empty_space height=\u00a0\u00bb15px\u00a0\u00bb]\t\t<\/div>\n\t<\/div>\n<\/div><\/div>[\/vc_column][\/vc_row][vc_row content_placement=\u00a0\u00bbbottom\u00a0\u00bb css=\u00a0\u00bb.vc_custom_1632823545557{padding-top: 0px !important;background-color: #10141d !important;}\u00a0\u00bb][vc_column offset=\u00a0\u00bbvc_col-lg-offset-0 vc_col-lg-6 vc_col-md-offset-0 vc_col-md-7&Prime; css=\u00a0\u00bb.vc_custom_1515492852191{padding-top: 0px !important;}\u00a0\u00bb]<div class=\"qodef-elements-holder   qodef-one-column  qodef-responsive-mode-768 \" ><div class=\"qodef-eh-item    \"  data-item-class=\"qodef-eh-custom-6669\" data-1280-1600=\"191px 26% 191px 0\" data-1024-1280=\"191px 22% 191px 0\" data-768-1024=\"91px 15% 91px 0\" data-680-768=\"91px 11%\" data-680=\"91px 11%\">\n\t\t<div class=\"qodef-eh-item-inner\">\n\t\t<div class=\"qodef-eh-item-content qodef-eh-custom-6669\" style=\"padding: 191px 0 191px 45%\">\n\t\t\t[vc_column_text]<\/p>\n<h2 style=\"color: #ffffff;\">\u00c9cole de formation<\/h2>\n<p>[\/vc_column_text][vc_empty_space height=\u00a0\u00bb5px\u00a0\u00bb][vc_column_text]La formation \u00e0 l&rsquo;\u00e9cole de beaut\u00e9 de Barcelone vous donne la possibilit\u00e9 d&rsquo;entrer directement en contact avec le monde du travail, car nous disposons de nos propres centres. Nous disposons d&rsquo;un \u00e9quipement de pointe et du mat\u00e9riel p\u00e9dagogique n\u00e9cessaire pour que l&rsquo;\u00e9tudiant arrive sur le march\u00e9 du travail confiant et pr\u00e9par\u00e9.[\/vc_column_text][vc_empty_space height=\u00a0\u00bb23px\u00a0\u00bb]<a itemprop=\"url\" href=\"http:\/\/www.barcelonabeautyschool.com\/\" target=\"_blank\"  class=\"qodef-btn qodef-btn-medium qodef-btn-outline\"  >\n    <span class=\"qodef-btn-text\">D\u00e9couvrez notre \u00e9cole de formation<\/span>\n    <\/a>[vc_empty_space height=\u00a0\u00bb15px\u00a0\u00bb]\t\t<\/div>\n\t<\/div>\n<\/div><\/div>[\/vc_column][vc_column css=\u00a0\u00bb.vc_custom_1515492806714{padding-right: 5px !important;padding-left: 7% !important;}\u00a0\u00bb offset=\u00a0\u00bbvc_col-lg-6 vc_col-md-5&Prime;][vc_single_image image=\u00a0\u00bb5049&Prime; img_size=\u00a0\u00bbfull\u00a0\u00bb][\/vc_column][\/vc_row][vc_row content_placement=\u00a0\u00bbbottom\u00a0\u00bb css=\u00a0\u00bb.vc_custom_1632826980874{padding-top: 0px !important;background-color: #fdafaf !important;}\u00a0\u00bb][vc_column css=\u00a0\u00bb.vc_custom_1515492806714{padding-right: 5px !important;padding-left: 7% !important;}\u00a0\u00bb offset=\u00a0\u00bbvc_col-lg-6 vc_col-md-5&Prime;][vc_single_image image=\u00a0\u00bb5077&Prime; img_size=\u00a0\u00bbfull\u00a0\u00bb alignment=\u00a0\u00bbright\u00a0\u00bb][\/vc_column][vc_column offset=\u00a0\u00bbvc_col-lg-offset-0 vc_col-lg-6 vc_col-md-offset-0 vc_col-md-7&Prime; css=\u00a0\u00bb.vc_custom_1515492852191{padding-top: 0px !important;}\u00a0\u00bb]<div class=\"qodef-elements-holder   qodef-one-column  qodef-responsive-mode-768 \" ><div class=\"qodef-eh-item    \"  data-item-class=\"qodef-eh-custom-4930\" data-1280-1600=\"191px 26% 191px 0\" data-1024-1280=\"191px 22% 191px 0\" data-768-1024=\"91px 15% 91px 0\" data-680-768=\"91px 11%\" data-680=\"91px 11%\">\n\t\t<div class=\"qodef-eh-item-inner\">\n\t\t<div class=\"qodef-eh-item-content qodef-eh-custom-4930\" style=\"padding: 151px 45% 151px 0\">\n\t\t\t[vc_column_text]<\/p>\n<h2 style=\"color: #ffffff;\">Plateforme de Formation <em>En Ligne<\/em><\/h2>\n<p>[\/vc_column_text][vc_empty_space height=\u00a0\u00bb5px\u00a0\u00bb][vc_column_text]<\/p>\n<p class=\"p1\"><span class=\"s1\" style=\"color: #ffffff;\">Il s&rsquo;agit de cours d&rsquo;e-learning, contenant des le\u00e7ons pratiques et des vid\u00e9os pratiques \u00e0 suivre dans l&rsquo;ordre \u00e9tabli.<\/span><span class=\"s1\" style=\"color: #ffffff;\">Vous pouvez les suivre \u00e0 votre rythme, o\u00f9 et quand vous le souhaitez.<\/span><\/p>\n<p class=\"p1\"><span class=\"s1\" style=\"color: #ffffff;\">A la fin du cours, vous serez invit\u00e9 \u00e0 r\u00e9pondre \u00e0 un questionnaire pour valider votre formation,\u00a0<\/span><span class=\"s2\" style=\"color: #ffffff;\">et vous recevrez une attestation de formation.<\/span><\/p>\n<p class=\"p1\"><span class=\"s1\" style=\"color: #ffffff;\">Tous nos cours sont anim\u00e9s par des esth\u00e9ticiennes et des techniciennes professionnelles du groupe Epotam.<\/span><\/p>\n<p>[\/vc_column_text][vc_empty_space height=\u00a0\u00bb23px\u00a0\u00bb]<a itemprop=\"url\" href=\"https:\/\/formacio.epotam.com\/\" target=\"_blank\"  class=\"qodef-btn qodef-btn-medium qodef-btn-outline\"  >\n    <span class=\"qodef-btn-text\">D\u00e9couvrir notre plateforme de formaiton E-Learning<\/span>\n    <\/a>[vc_empty_space height=\u00a0\u00bb15px\u00a0\u00bb]\t\t<\/div>\n\t<\/div>\n<\/div><\/div>[\/vc_column][\/vc_row][vc_row content_placement=\u00a0\u00bbbottom\u00a0\u00bb css=\u00a0\u00bb.vc_custom_1632827747919{padding-top: 0px !important;}\u00a0\u00bb][vc_column offset=\u00a0\u00bbvc_col-lg-offset-0 vc_col-lg-6 vc_col-md-offset-0 vc_col-md-7&Prime; css=\u00a0\u00bb.vc_custom_1515492852191{padding-top: 0px !important;}\u00a0\u00bb]<div class=\"qodef-elements-holder   qodef-one-column  qodef-responsive-mode-768 \" ><div class=\"qodef-eh-item    \"  data-item-class=\"qodef-eh-custom-2259\" data-1280-1600=\"191px 26% 191px 0\" data-1024-1280=\"191px 22% 191px 0\" data-768-1024=\"91px 15% 91px 0\" data-680-768=\"91px 11%\" data-680=\"91px 11%\">\n\t\t<div class=\"qodef-eh-item-inner\">\n\t\t<div class=\"qodef-eh-item-content qodef-eh-custom-2259\" style=\"padding: 191px 0 191px 45%\">\n\t\t\t[vc_column_text]<\/p>\n<h2>Nos centres esth\u00e9tique \u00e0 Barcelone<\/h2>\n<p>[\/vc_column_text][vc_empty_space height=\u00a0\u00bb5px\u00a0\u00bb][vc_column_text]Beaut\u00e9 \u00ab\u00a0made in\u00a0\u00bb BARCELONE ! Une atmosph\u00e8re chic et \u00e9l\u00e9gante, un lieu de d\u00e9tente o\u00f9 vous pourrez vous faire dorloter avec toutes sortes de traitements, traditionnels ou avanc\u00e9s, utilisant les derni\u00e8res technologies. \u00c9pilation, photo-\u00e9pilation, soins du corps, soins du visage, massages, manucures et p\u00e9dicures &#8230;.[\/vc_column_text][vc_empty_space height=\u00a0\u00bb23px\u00a0\u00bb]<a itemprop=\"url\" href=\"https:\/\/www.frenchkissbeauty.com\/\" target=\"_blank\"  class=\"qodef-btn qodef-btn-medium qodef-btn-outline\"  >\n    <span class=\"qodef-btn-text\">D\u00e9couvrir nos centres esth\u00e9tique<\/span>\n    <\/a>[vc_empty_space height=\u00a0\u00bb15px\u00a0\u00bb]\t\t<\/div>\n\t<\/div>\n<\/div><\/div>[\/vc_column][vc_column css=\u00a0\u00bb.vc_custom_1515492806714{padding-right: 5px !important;padding-left: 7% !important;}\u00a0\u00bb offset=\u00a0\u00bbvc_col-lg-6 vc_col-md-5&Prime;][vc_single_image image=\u00a0\u00bb5082&Prime; img_size=\u00a0\u00bbfull\u00a0\u00bb][\/vc_column][\/vc_row][vc_row content_placement=\u00a0\u00bbmiddle\u00a0\u00bb css=\u00a0\u00bb.vc_custom_1634900904974{padding-top: 0px !important;background-color: #000000 !important;}\u00a0\u00bb][vc_column css=\u00a0\u00bb.vc_custom_1515492806714{padding-right: 5px !important;padding-left: 7% !important;}\u00a0\u00bb offset=\u00a0\u00bbvc_col-lg-6 vc_col-md-5&Prime;][vc_single_image image=\u00a0\u00bb6183&Prime; img_size=\u00a0\u00bbfull\u00a0\u00bb alignment=\u00a0\u00bbright\u00a0\u00bb][\/vc_column][vc_column offset=\u00a0\u00bbvc_col-lg-offset-0 vc_col-lg-6 vc_col-md-offset-0 vc_col-md-7&Prime; css=\u00a0\u00bb.vc_custom_1515492852191{padding-top: 0px !important;}\u00a0\u00bb]<div class=\"qodef-elements-holder   qodef-one-column  qodef-responsive-mode-768 \" ><div class=\"qodef-eh-item    \"  data-item-class=\"qodef-eh-custom-2808\" data-1280-1600=\"191px 26% 191px 0\" data-1024-1280=\"191px 22% 191px 0\" data-768-1024=\"91px 15% 91px 0\" data-680-768=\"91px 11%\" data-680=\"91px 11%\">\n\t\t<div class=\"qodef-eh-item-inner\">\n\t\t<div class=\"qodef-eh-item-content qodef-eh-custom-2808\" style=\"padding: 151px 45% 151px 0\">\n\t\t\t[vc_column_text]<\/p>\n<h2 style=\"color: #ffffff;\">Newsletter &amp; SMS<\/h2>\n<p>[\/vc_column_text][vc_empty_space height=\u00a0\u00bb23px\u00a0\u00bb]<a itemprop=\"url\" href=\"http:\/\/epotam.com\/index2.php\" target=\"_blank\"  class=\"qodef-btn qodef-btn-medium qodef-btn-outline\"  >\n    <span class=\"qodef-btn-text\">Ancien Espace Franchis\u00e9<\/span>\n    <\/a>[vc_empty_space height=\u00a0\u00bb15px\u00a0\u00bb]<a itemprop=\"url\" href=\"http:\/\/www.epotam.com\/facture\/\" target=\"_blank\"  class=\"qodef-btn qodef-btn-medium qodef-btn-outline\"  >\n    <span class=\"qodef-btn-text\">R\u00e9gler une facture<\/span>\n    <\/a>\t\t<\/div>\n\t<\/div>\n<\/div><\/div>[\/vc_column][\/vc_row]<\/p>\n","protected":false},"excerpt":{"rendered":"<p>[vc_row row_content_width=\u00a0\u00bbgrid\u00a0\u00bb content_text_aligment=\u00a0\u00bbcenter\u00a0\u00bb simple_background_color=\u00a0\u00bb#a4a5a8&Prime; parallax_background_image=\u00a0\u00bb5045&Prime;][vc_column][vc_empty_space][\/vc_column][\/vc_row][vc_row content_placement=\u00a0\u00bbbottom\u00a0\u00bb css=\u00a0\u00bb.vc_custom_1515492267731{padding-top: 0px !important;}\u00a0\u00bb][vc_column css=\u00a0\u00bb.vc_custom_1515492806714{padding-right: 5px !important;padding-left: 7% !important;}\u00a0\u00bb offset=\u00a0\u00bbvc_col-lg-6 vc_col-md-5&Prime;][vc_single_image [&hellip;]<\/p>\n","protected":false},"author":1,"featured_media":6183,"parent":0,"menu_order":0,"comment_status":"closed","ping_status":"closed","template":"full-width.php","meta":{"footnotes":""},"class_list":["post-5433","page","type-page","status-publish","has-post-thumbnail","hentry"],"_links":{"self":[{"href":"https:\/\/magazine.epotam.com\/fr\/wp-json\/wp\/v2\/pages\/5433","targetHints":{"allow":["GET"]}}],"collection":[{"href":"https:\/\/magazine.epotam.com\/fr\/wp-json\/wp\/v2\/pages"}],"about":[{"href":"https:\/\/magazine.epotam.com\/fr\/wp-json\/wp\/v2\/types\/page"}],"author":[{"embeddable":true,"href":"https:\/\/magazine.epotam.com\/fr\/wp-json\/wp\/v2\/users\/1"}],"replies":[{"embeddable":true,"href":"https:\/\/magazine.epotam.com\/fr\/wp-json\/wp\/v2\/comments?post=5433"}],"version-history":[{"count":52,"href":"https:\/\/magazine.epotam.com\/fr\/wp-json\/wp\/v2\/pages\/5433\/revisions"}],"predecessor-version":[{"id":6398,"href":"https:\/\/magazine.epotam.com\/fr\/wp-json\/wp\/v2\/pages\/5433\/revisions\/6398"}],"wp:featuredmedia":[{"embeddable":true,"href":"https:\/\/magazine.epotam.com\/fr\/wp-json\/wp\/v2\/media\/6183"}],"wp:attachment":[{"href":"https:\/\/magazine.epotam.com\/fr\/wp-json\/wp\/v2\/media?parent=5433"}],"curies":[{"name":"wp","href":"https:\/\/api.w.org\/{rel}","templated":true}]}}